{"id":9,"date":"2021-01-20T20:50:52","date_gmt":"2021-01-20T20:50:52","guid":{"rendered":"https:\/\/werbegemeinschaft-bahnhofstrasse-koepenick.de\/?page_id=9"},"modified":"2022-09-21T12:22:04","modified_gmt":"2022-09-21T12:22:04","slug":"startseite","status":"publish","type":"page","link":"https:\/\/werbegemeinschaft-bahnhofstrasse-koepenick.de\/","title":{"rendered":"Willkommen!"},"content":{"rendered":"\n<p>Die Werbegemeinschaft Bahnhofstra\u00dfe K\u00f6penick e.V. hat sich zum Ziel gesetzt die Interessen der Gewerbetreibenden und Anwohner rund um Bahnhofstra\u00dfe zu b\u00fcndeln und diese zu einem attraktiven Ort zum Leben, Arbeiten und Verweilen zu entwickeln.<\/p>\n","protected":false},"excerpt":{"rendered":"<p>Die Werbegemeinschaft Bahnhofstra\u00dfe K\u00f6penick e.V. hat sich zum Ziel gesetzt die Interessen der Gewerbetreibenden und Anwohner rund um Bahnhofstra\u00dfe zu b\u00fcndeln und diese zu einem attraktiven Ort zum Leben, Arbeiten und Verweilen zu entwickeln.<\/p>\n","protected":false},"author":2,"featured_media":0,"parent":0,"menu_order":0,"comment_status":"closed","ping_status":"closed","template":"","meta":{"footnotes":""},"class_list":["post-9","page","type-page","status-publish","hentry"],"_links":{"self":[{"href":"https:\/\/werbegemeinschaft-bahnhofstrasse-koepenick.de\/index.php\/wp-json\/wp\/v2\/pages\/9","targetHints":{"allow":["GET"]}}],"collection":[{"href":"https:\/\/werbegemeinschaft-bahnhofstrasse-koepenick.de\/index.php\/wp-json\/wp\/v2\/pages"}],"about":[{"href":"https:\/\/werbegemeinschaft-bahnhofstrasse-koepenick.de\/index.php\/wp-json\/wp\/v2\/types\/page"}],"author":[{"embeddable":true,"href":"https:\/\/werbegemeinschaft-bahnhofstrasse-koepenick.de\/index.php\/wp-json\/wp\/v2\/users\/2"}],"replies":[{"embeddable":true,"href":"https:\/\/werbegemeinschaft-bahnhofstrasse-koepenick.de\/index.php\/wp-json\/wp\/v2\/comments?post=9"}],"version-history":[{"count":5,"href":"https:\/\/werbegemeinschaft-bahnhofstrasse-koepenick.de\/index.php\/wp-json\/wp\/v2\/pages\/9\/revisions"}],"predecessor-version":[{"id":99,"href":"https:\/\/werbegemeinschaft-bahnhofstrasse-koepenick.de\/index.php\/wp-json\/wp\/v2\/pages\/9\/revisions\/99"}],"wp:attachment":[{"href":"https:\/\/werbegemeinschaft-bahnhofstrasse-koepenick.de\/index.php\/wp-json\/wp\/v2\/media?parent=9"}],"curies":[{"name":"wp","href":"https:\/\/api.w.org\/{rel}","templated":true}]}}